{"id":214,"date":"2010-12-27T19:38:40","date_gmt":"2010-12-27T18:38:40","guid":{"rendered":"http:\/\/lauradifazio.altervista.org\/cms\/"},"modified":"2021-12-16T22:40:44","modified_gmt":"2021-12-16T22:40:44","slug":"incisioni-paesaggi-fiori-e-conchiglie","status":"publish","type":"page","link":"https:\/\/www.lauradifazio.it\/cms\/?page_id=214","title":{"rendered":"Landscapes and flowers"},"content":{"rendered":"<h2 style=\"text-align: center;\"><strong>&#8220;viaggio\u00a0riposatissimo \u00e8 questo mio<br \/>\n<\/strong><strong>viaggio del cuore in traccia della natura&#8221;<br \/>\n<\/strong>(L.Sterne)<\/h2>\n<p><span style=\"color: #000000;\"><span style=\"font-family: 'Times New Roman', serif;\"><em>&#8220;Puntasecca, acquaforte, ceramolle \u2026<\/em>Se non fossero tecniche dell\u2019incisione potrebbero sembrare nomi di paesi dei nostri monti.\u00a0 Del resto ogni tecnica ha una sua propria geografia: clima, confini, lingua, cio\u00e8 possibilit\u00e0 di espressione e carattere e persino tradizione. E certo, se c\u2019\u00e8 una cosa che l\u2019incisione fa del paesaggio &#8211; rispetto al rigoglio cromatico della pittura o alle geometrie di luce che gli rivela la fotografia &#8211; \u00e8 restituire una visione pi\u00f9 personale dello spazio, della veduta, di quel\u00a0<em>che ho visto quel giorno<\/em>\u2026O che ho sognato?<br \/>\nPerch\u00e9, a vedere queste figure, ritrovo certi scenari del sogno, quelle sensazioni fulminee, ma nette, di una luce di lago, del riflesso d\u2019 albero che mi ha fatto paura mentre dormivo, di un\u2019alba viola (inverosimile eppure era proprio cos\u00ec). Tanto arcaica e antica \u00e8 la punta su una superficie ostica e dura, come lo sono la pietra o il metallo, cos\u00ec cocciuto il suo progetto di memoria, che qualcosa ancora resta di quella ostinazione delle immagini interiori a permanere nella coscienza, a rimanere impresse sulla lastra della sensibilit\u00e0. Per poi dividere la notte con tutti, che sembrerebbe impossibile, perch\u00e9 \u00e8 difficile raccontare i sogni e la loro speciale atmosfera.<br \/>\nQuesto perch\u00e9, mi sembra, gli inchiostri neri, grigi, bruni, bluastri, cos\u00ec prossimi al buio denso della foresta &#8211; che torna qui a far paura come nelle fiabe &#8211; hanno un grande potere: il potere della notte, vien da dire, nella quale pu\u00f2 muoversi agilmente ci\u00f2 che \u00e8 sconosciuto e che utilmente indica o suggerisce quel che ci tocca di temere.<br \/>\nEppure nelle stampe che qui si presentano sembra di ritrovare una specie di pace, come se il monocromo \u2013 o l\u2019agio su poche tonalit\u00e0 &#8211; al quale l\u2019autrice si vincola, rivelassero con semplicit\u00e0 un mistero necessario, un paesaggio comprensibile e familiare anche se mai del tutto esplorato che restituisce alla mente quella gamma originaria che le \u00e8 propria, nutrita da tante specie di lumi e da tante specie di oscurit\u00e0, e sconosciuta al mondo frastornato da colori innaturali.&#8221;\u00a0<em>(testo di Rossana Cesareo)<\/em> <\/span><\/span><\/p>\n<div><\/div>\n<div><\/div>\n<div><\/div>\n<div><\/div>\n<div><\/div>\n<div class=\"mceTemp\">\n<div id=\"attachment_448\" style=\"width: 310px\" class=\"wp-caption alignnone\"><a href=\"http:\/\/www.lauradifazio.it\/cms\/wp-content\/uploads\/2011\/02\/ora-della-sera-acquatinta-1991.jpg\"><img aria-describedby=\"caption-attachment-448\" loading=\"lazy\" class=\"size-medium wp-image-448\" title=\"ora della sera, acquatinta, 1991\" src=\"http:\/\/www.lauradifazio.it\/cms\/wp-content\/uploads\/2011\/02\/ora-della-sera-acquatinta-1991-300x185.jpg\" alt=\"\" width=\"300\" height=\"185\" srcset=\"https:\/\/www.lauradifazio.it\/cms\/wp-content\/uploads\/2011\/02\/ora-della-sera-acquatinta-1991-300x185.jpg 300w, https:\/\/www.lauradifazio.it\/cms\/wp-content\/uploads\/2011\/02\/ora-della-sera-acquatinta-1991.jpg 1022w\" sizes=\"(max-width: 300px) 100vw, 300px\" \/><\/a><p id=\"caption-attachment-448\" class=\"wp-caption-text\">&#8220;l&#8217;ora della sera&#8221;, acquatinta, 1991<\/p><\/div>\n<\/div>\n<div><\/div>\n<div id=\"attachment_446\" style=\"width: 255px\" class=\"wp-caption alignnone\"><a href=\"http:\/\/www.lauradifazio.it\/cms\/wp-content\/uploads\/2011\/02\/04-Bosco-maniera-nera-1991.jpg\"><img aria-describedby=\"caption-attachment-446\" loading=\"lazy\" class=\"size-medium wp-image-446\" title=\"04 Bosco, maniera nera, 1991\" src=\"http:\/\/www.lauradifazio.it\/cms\/wp-content\/uploads\/2011\/02\/04-Bosco-maniera-nera-1991-245x300.jpg\" alt=\"\" width=\"245\" height=\"300\" srcset=\"https:\/\/www.lauradifazio.it\/cms\/wp-content\/uploads\/2011\/02\/04-Bosco-maniera-nera-1991-245x300.jpg 245w, https:\/\/www.lauradifazio.it\/cms\/wp-content\/uploads\/2011\/02\/04-Bosco-maniera-nera-1991.jpg 510w\" sizes=\"(max-width: 245px) 100vw, 245px\" \/><\/a><p id=\"caption-attachment-446\" class=\"wp-caption-text\">&#8220;bosco&#8221;, maniera nera, 1991<\/p><\/div>\n<div><\/div>\n<div id=\"attachment_447\" style=\"width: 310px\" class=\"wp-caption alignnone\"><a href=\"http:\/\/www.lauradifazio.it\/cms\/wp-content\/uploads\/2011\/02\/05-Luna-maniera-nera-1991.jpg\"><img aria-describedby=\"caption-attachment-447\" loading=\"lazy\" class=\"size-medium wp-image-447\" title=\"05 Luna, maniera nera, 1991\" src=\"http:\/\/www.lauradifazio.it\/cms\/wp-content\/uploads\/2011\/02\/05-Luna-maniera-nera-1991-300x190.jpg\" alt=\"\" width=\"300\" height=\"190\" srcset=\"https:\/\/www.lauradifazio.it\/cms\/wp-content\/uploads\/2011\/02\/05-Luna-maniera-nera-1991-300x190.jpg 300w, https:\/\/www.lauradifazio.it\/cms\/wp-content\/uploads\/2011\/02\/05-Luna-maniera-nera-1991.jpg 624w\" sizes=\"(max-width: 300px) 100vw, 300px\" \/><\/a><p id=\"caption-attachment-447\" class=\"wp-caption-text\">&#8220;luna&#8221;, maniera nera, 1991<\/p><\/div>\n<p style=\"text-align: left;\">\n<p style=\"text-align: left;\">\n<p style=\"text-align: left;\">\n<div class=\"mceTemp\">\n<div class=\"mceTemp\">\n<div id=\"attachment_287\" style=\"width: 310px\" class=\"wp-caption alignnone\"><a href=\"http:\/\/www.lauradifazio.it\/cms\/?attachment_id=287\" rel=\"attachment wp-att-287\"><img aria-describedby=\"caption-attachment-287\" loading=\"lazy\" class=\"size-medium wp-image-287\" title=\"scogli e barche, puntasecca acquarellata, 2001\" src=\"http:\/\/www.lauradifazio.it\/cms\/wp-content\/uploads\/2010\/12\/scogli-e-barche-puntasecca-acquarellata-2001-300x116.jpg\" alt=\"\" width=\"300\" height=\"116\" srcset=\"https:\/\/www.lauradifazio.it\/cms\/wp-content\/uploads\/2010\/12\/scogli-e-barche-puntasecca-acquarellata-2001-300x116.jpg 300w, https:\/\/www.lauradifazio.it\/cms\/wp-content\/uploads\/2010\/12\/scogli-e-barche-puntasecca-acquarellata-2001-1024x397.jpg 1024w, https:\/\/www.lauradifazio.it\/cms\/wp-content\/uploads\/2010\/12\/scogli-e-barche-puntasecca-acquarellata-2001.jpg 1725w\" sizes=\"(max-width: 300px) 100vw, 300px\" \/><\/a><p id=\"caption-attachment-287\" class=\"wp-caption-text\">&#8220;scogli e barche&#8221;, puntasecca acquarellata, 2001<\/p><\/div>\n<\/div>\n<\/div>\n<div class=\"mceTemp\">\n<div id=\"attachment_445\" style=\"width: 213px\" class=\"wp-caption alignnone\"><a href=\"http:\/\/www.lauradifazio.it\/cms\/wp-content\/uploads\/2011\/02\/03-La-mia-finestra-acquaforte1991.jpg\"><img aria-describedby=\"caption-attachment-445\" loading=\"lazy\" class=\"size-medium wp-image-445\" title=\"03 La mia finestra, acquaforte,1991\" src=\"http:\/\/www.lauradifazio.it\/cms\/wp-content\/uploads\/2011\/02\/03-La-mia-finestra-acquaforte1991-203x300.jpg\" alt=\"\" width=\"203\" height=\"300\" srcset=\"https:\/\/www.lauradifazio.it\/cms\/wp-content\/uploads\/2011\/02\/03-La-mia-finestra-acquaforte1991-203x300.jpg 203w, https:\/\/www.lauradifazio.it\/cms\/wp-content\/uploads\/2011\/02\/03-La-mia-finestra-acquaforte1991.jpg 596w\" sizes=\"(max-width: 203px) 100vw, 203px\" \/><\/a><p id=\"caption-attachment-445\" class=\"wp-caption-text\">&#8220;la mia finestra&#8221;, acquaforte, 1991<\/p><\/div>\n<\/div>\n<div><\/div>\n<div><\/div>\n<div><\/div>\n<div><\/div>\n<div id=\"attachment_276\" style=\"width: 151px\" class=\"wp-caption alignnone\"><a href=\"http:\/\/www.lauradifazio.it\/cms\/wp-content\/uploads\/2010\/12\/La-finestra-acquatinta-1997.jpg\"><img aria-describedby=\"caption-attachment-276\" loading=\"lazy\" class=\"size-medium wp-image-276\" title=\"La finestra, acquatinta, 1997\" src=\"http:\/\/www.lauradifazio.it\/cms\/wp-content\/uploads\/2010\/12\/La-finestra-acquatinta-1997-141x300.jpg\" alt=\"\" width=\"141\" height=\"300\" srcset=\"https:\/\/www.lauradifazio.it\/cms\/wp-content\/uploads\/2010\/12\/La-finestra-acquatinta-1997-141x300.jpg 141w, https:\/\/www.lauradifazio.it\/cms\/wp-content\/uploads\/2010\/12\/La-finestra-acquatinta-1997.jpg 261w\" sizes=\"(max-width: 141px) 100vw, 141px\" \/><\/a><p id=\"caption-attachment-276\" class=\"wp-caption-text\">&#8220;la finestra&#8221;, acquatinta, 1997<\/p><\/div>\n<p style=\"text-align: left;\">\n<p style=\"text-align: center;\">\n<p style=\"text-align: center;\"><strong>conchiglia, la divina proporzione&#8230;<\/strong><strong>simbolo perfetto di bellezza e armonia<\/strong><\/p>\n<div class=\"mceTemp\" style=\"text-align: center;\"><\/div>\n<div id=\"attachment_463\" style=\"width: 310px\" class=\"wp-caption alignnone\"><a href=\"http:\/\/www.lauradifazio.it\/cms\/wp-content\/uploads\/2011\/02\/sopra-la-terra-ceramolle-e-acquatinta-2003.jpg\"><img aria-describedby=\"caption-attachment-463\" loading=\"lazy\" class=\"size-medium wp-image-463\" title=\"sopra la terra, ceramolle e acquatinta, 2003\" src=\"http:\/\/www.lauradifazio.it\/cms\/wp-content\/uploads\/2011\/02\/sopra-la-terra-ceramolle-e-acquatinta-2003-300x294.jpg\" alt=\"\" width=\"300\" height=\"294\" srcset=\"https:\/\/www.lauradifazio.it\/cms\/wp-content\/uploads\/2011\/02\/sopra-la-terra-ceramolle-e-acquatinta-2003-300x294.jpg 300w, https:\/\/www.lauradifazio.it\/cms\/wp-content\/uploads\/2011\/02\/sopra-la-terra-ceramolle-e-acquatinta-2003-1024x1004.jpg 1024w\" sizes=\"(max-width: 300px) 100vw, 300px\" \/><\/a><p id=\"caption-attachment-463\" class=\"wp-caption-text\">&#8220;sopra la terra&#8221;, ceramolle e acquatinta, 2003<\/p><\/div>\n<div id=\"attachment_143\" style=\"width: 310px\" class=\"wp-caption alignnone\"><a href=\"http:\/\/www.lauradifazio.it\/cms\/?attachment_id=285\" rel=\"attachment wp-att-285\"><img aria-describedby=\"caption-attachment-143\" loading=\"lazy\" class=\"size-medium wp-image-285\" src=\"http:\/\/www.lauradifazio.it\/cms\/wp-content\/uploads\/2010\/12\/rose-e-conchiglie-ceramolle-acquaforte-300x190.jpg\" alt=\"\" width=\"300\" height=\"190\" srcset=\"https:\/\/www.lauradifazio.it\/cms\/wp-content\/uploads\/2010\/12\/rose-e-conchiglie-ceramolle-acquaforte-300x190.jpg 300w, https:\/\/www.lauradifazio.it\/cms\/wp-content\/uploads\/2010\/12\/rose-e-conchiglie-ceramolle-acquaforte-1024x649.jpg 1024w\" sizes=\"(max-width: 300px) 100vw, 300px\" \/><\/a><p id=\"caption-attachment-143\" class=\"wp-caption-text\">rose e conchiglie, ceramolle acquaforte<\/p><\/div><\/dt>\n<\/dl>\n<\/div>\n<div id=\"attachment_286\" style=\"width: 310px\" class=\"wp-caption alignnone\"><a href=\"http:\/\/www.lauradifazio.it\/cms\/?attachment_id=286\" rel=\"attachment wp-att-286\"><img aria-describedby=\"caption-attachment-286\" loading=\"lazy\" class=\"size-medium wp-image-286\" title=\"rose in ovale, puntasecca, 1999\" src=\"http:\/\/www.lauradifazio.it\/cms\/wp-content\/uploads\/2010\/12\/rose-in-ovale-puntasecca-1999-300x225.jpg\" alt=\"\" width=\"300\" height=\"225\" srcset=\"https:\/\/www.lauradifazio.it\/cms\/wp-content\/uploads\/2010\/12\/rose-in-ovale-puntasecca-1999-300x225.jpg 300w, https:\/\/www.lauradifazio.it\/cms\/wp-content\/uploads\/2010\/12\/rose-in-ovale-puntasecca-1999-1024x769.jpg 1024w, https:\/\/www.lauradifazio.it\/cms\/wp-content\/uploads\/2010\/12\/rose-in-ovale-puntasecca-1999.jpg 1184w\" sizes=\"(max-width: 300px) 100vw, 300px\" \/><\/a><p id=\"caption-attachment-286\" class=\"wp-caption-text\">&#8220;rose in ovale&#8221;, puntasecca, 1999<\/p><\/div><\/dt>\n<\/dl>\n<\/div>\n<div id=\"attachment_260\" style=\"width: 310px\" class=\"wp-caption alignnone\"><a href=\"http:\/\/www.lauradifazio.it\/cms\/?attachment_id=260\" rel=\"attachment wp-att-260\"><img aria-describedby=\"caption-attachment-260\" loading=\"lazy\" class=\"size-medium wp-image-260\" title=\"anemoni, puntasecca, 1999\" src=\"http:\/\/www.lauradifazio.it\/cms\/wp-content\/uploads\/2010\/12\/anemoni-puntasecca-1999-300x215.jpg\" alt=\"\" width=\"300\" height=\"215\" srcset=\"https:\/\/www.lauradifazio.it\/cms\/wp-content\/uploads\/2010\/12\/anemoni-puntasecca-1999-300x215.jpg 300w, https:\/\/www.lauradifazio.it\/cms\/wp-content\/uploads\/2010\/12\/anemoni-puntasecca-1999-1024x734.jpg 1024w, https:\/\/www.lauradifazio.it\/cms\/wp-content\/uploads\/2010\/12\/anemoni-puntasecca-1999.jpg 1386w\" sizes=\"(max-width: 300px) 100vw, 300px\" \/><\/a><p id=\"caption-attachment-260\" class=\"wp-caption-text\">&#8220;anemoni&#8221;, puntasecca 1999<\/p><\/div><\/dt>\n<\/dl>\n<\/div>\n<div id=\"attachment_146\" style=\"width: 310px\" class=\"wp-caption alignnone\"><a href=\"http:\/\/www.lauradifazio.it\/cms\/?attachment_id=146\" rel=\"attachment wp-att-146\"><img aria-describedby=\"caption-attachment-146\" loading=\"lazy\" class=\"size-medium wp-image-146\" title=\"senza titolo, ceramolle acquatinta\" src=\"http:\/\/www.lauradifazio.it\/cms\/wp-content\/uploads\/2010\/11\/senza-titolo-ceramolle-acquatinta-300x225.jpg\" alt=\"\" width=\"300\" height=\"225\" srcset=\"https:\/\/www.lauradifazio.it\/cms\/wp-content\/uploads\/2010\/11\/senza-titolo-ceramolle-acquatinta-300x225.jpg 300w, https:\/\/www.lauradifazio.it\/cms\/wp-content\/uploads\/2010\/11\/senza-titolo-ceramolle-acquatinta-1024x768.jpg 1024w\" sizes=\"(max-width: 300px) 100vw, 300px\" \/><\/a><p id=\"caption-attachment-146\" class=\"wp-caption-text\">&#8220;calla&#8221;, ceramolle e acquatinta, 2008<\/p><\/div><\/dt>\n<\/dl>\n<\/div>\n","protected":false},"excerpt":{"rendered":"<p>&#8220;viaggio\u00a0riposatissimo \u00e8 questo mio viaggio del cuore in traccia della natura&#8221; (L.Sterne) &#8220;Puntasecca, acquaforte, ceramolle \u2026Se non fossero tecniche dell\u2019incisione potrebbero sembrare nomi di paesi dei nostri monti.\u00a0 Del resto ogni tecnica ha una sua propria geografia: clima, confini, lingua, &hellip; <a href=\"https:\/\/www.lauradifazio.it\/cms\/?page_id=214\">Continua a leggere<span class=\"meta-nav\">&rarr;<\/span><\/a><\/p>\n","protected":false},"author":2,"featured_media":0,"parent":0,"menu_order":0,"comment_status":"open","ping_status":"closed","template":"","meta":[],"_links":{"self":[{"href":"https:\/\/www.lauradifazio.it\/cms\/index.php?rest_route=\/wp\/v2\/pages\/214"}],"collection":[{"href":"https:\/\/www.lauradifazio.it\/cms\/index.php?rest_route=\/wp\/v2\/pages"}],"about":[{"href":"https:\/\/www.lauradifazio.it\/cms\/index.php?rest_route=\/wp\/v2\/types\/page"}],"author":[{"embeddable":true,"href":"https:\/\/www.lauradifazio.it\/cms\/index.php?rest_route=\/wp\/v2\/users\/2"}],"replies":[{"embeddable":true,"href":"https:\/\/www.lauradifazio.it\/cms\/index.php?rest_route=%2Fwp%2Fv2%2Fcomments&post=214"}],"version-history":[{"count":28,"href":"https:\/\/www.lauradifazio.it\/cms\/index.php?rest_route=\/wp\/v2\/pages\/214\/revisions"}],"predecessor-version":[{"id":3623,"href":"https:\/\/www.lauradifazio.it\/cms\/index.php?rest_route=\/wp\/v2\/pages\/214\/revisions\/3623"}],"wp:attachment":[{"href":"https:\/\/www.lauradifazio.it\/cms\/index.php?rest_route=%2Fwp%2Fv2%2Fmedia&parent=214"}],"curies":[{"name":"wp","href":"https:\/\/api.w.org\/{rel}","templated":true}]}}